{"id":353,"date":"2025-07-05T15:56:07","date_gmt":"2025-07-05T13:56:07","guid":{"rendered":"http:\/\/motorjesus.org\/?page_id=353"},"modified":"2025-07-06T20:52:10","modified_gmt":"2025-07-06T18:52:10","slug":"impressum","status":"publish","type":"page","link":"https:\/\/motorjesus.org\/?page_id=353","title":{"rendered":"Impressum"},"content":{"rendered":"\n<p><strong>Impressum<\/strong><\/p>\n\n\n\n<p><strong>Motorjesus<\/strong><br>Christof Birx<br>Nelkenweg 3<br>41366 Schwalmtal<br>Deutschland<\/p>\n\n\n\n<p><strong>E-Mail:<\/strong> <a>demonbirx@gmx.de<\/a><br><strong>Website:<\/strong> <a class=\"\" href=\"http:\/\/www.motorjesus.net\">www.motorjesus.net<\/a><\/p>\n\n\n\n<p><strong>Umsatzsteuer-Identifikationsnummer<\/strong> gem\u00e4\u00df \u00a7 27a UStG: <strong>DE 338721271<\/strong><\/p>\n\n\n\n<p><strong>Inhaltlich verantwortlich<\/strong> gem\u00e4\u00df \u00a7 55 Abs. 2 RStV:<br>Christof Birx (Anschrift wie oben)<\/p>\n\n\n\n<hr class=\"wp-block-separator has-alpha-channel-opacity\"\/>\n\n\n\n<p><strong>Haftungsausschluss (Disclaimer)<\/strong><br>Trotz sorgf\u00e4ltiger inhaltlicher Kontrolle \u00fcbernehmen wir keine Haftung f\u00fcr die Inhalte externer Links.<br>F\u00fcr den Inhalt der verlinkten Seiten sind ausschlie\u00dflich deren Betreiber verantwortlich.<\/p>\n\n\n\n<hr class=\"wp-block-separator has-alpha-channel-opacity\"\/>\n\n\n\n<p><strong>Webdesign<br><\/strong>Frank Stellmacher<br><a href=\"https:\/\/www.accidentallygood.de\/\">https:\/\/www.accidentallygood.de<\/a><\/p>\n\n\n\n<p><\/p>\n","protected":false},"excerpt":{"rendered":"<p>Impressum MotorjesusChristof BirxNelkenweg 341366 SchwalmtalDeutschland E-Mail: demonbirx@gmx.deWebsite: www.motorjesus.net Umsatzsteuer-Identifikationsnummer gem\u00e4\u00df \u00a7 27a UStG: DE 338721271 Inhaltlich verantwortlich gem\u00e4\u00df \u00a7 55 Abs. 2 RStV:Christof Birx (Anschrift wie oben) Haftungsausschluss (Disclaimer)Trotz sorgf\u00e4ltiger inhaltlicher Kontrolle \u00fcbernehmen wir keine Haftung f\u00fcr die Inhalte externer Links.F\u00fcr den Inhalt der verlinkten Seiten sind ausschlie\u00dflich deren Betreiber verantwortlich. WebdesignFrank Stellmacherhttps:\/\/www.accidentallygood.de<\/p>\n","protected":false},"author":1,"featured_media":0,"parent":0,"menu_order":0,"comment_status":"closed","ping_status":"closed","template":"","meta":{"pgc_sgb_lightbox_settings":"","footnotes":""},"class_list":["post-353","page","type-page","status-publish","hentry"],"featured_image_src":null,"_links":{"self":[{"href":"https:\/\/motorjesus.org\/index.php?rest_route=\/wp\/v2\/pages\/353","targetHints":{"allow":["GET"]}}],"collection":[{"href":"https:\/\/motorjesus.org\/index.php?rest_route=\/wp\/v2\/pages"}],"about":[{"href":"https:\/\/motorjesus.org\/index.php?rest_route=\/wp\/v2\/types\/page"}],"author":[{"embeddable":true,"href":"https:\/\/motorjesus.org\/index.php?rest_route=\/wp\/v2\/users\/1"}],"replies":[{"embeddable":true,"href":"https:\/\/motorjesus.org\/index.php?rest_route=%2Fwp%2Fv2%2Fcomments&post=353"}],"version-history":[{"count":2,"href":"https:\/\/motorjesus.org\/index.php?rest_route=\/wp\/v2\/pages\/353\/revisions"}],"predecessor-version":[{"id":414,"href":"https:\/\/motorjesus.org\/index.php?rest_route=\/wp\/v2\/pages\/353\/revisions\/414"}],"wp:attachment":[{"href":"https:\/\/motorjesus.org\/index.php?rest_route=%2Fwp%2Fv2%2Fmedia&parent=353"}],"curies":[{"name":"wp","href":"https:\/\/api.w.org\/{rel}","templated":true}]}}